{"id":14,"date":"2022-07-14T00:45:56","date_gmt":"2022-07-13T22:45:56","guid":{"rendered":"http:\/\/eotist-wp.cbk.waw.pl\/?page_id=14"},"modified":"2022-09-09T07:18:19","modified_gmt":"2022-09-09T05:18:19","slug":"project","status":"publish","type":"page","link":"https:\/\/eotist.cbk.waw.pl\/?page_id=14","title":{"rendered":"Project"},"content":{"rendered":"\n<div class=\"wp-block-stackable-columns alignfull stk-block-columns stk-block stk-9412831 stk-block-background stk--has-background-overlay\" data-block-id=\"9412831\"><style>.stk-9412831 .stk--block-align-9412831{align-items:center !important}.stk-9412831{background-image:url(https:\/\/eotist.cbk.waw.pl\/wp-content\/uploads\/2022\/07\/eotist_top1.jpg) !important}.stk-9412831{min-height:163px !important;display:flex !important}.stk-9412831{align-items:center !important}<\/style><div class=\"stk-row stk-inner-blocks has-text-align-right stk--block-align-9412831 stk-block-content stk-content-align stk-9412831-column alignfull\">\n<div class=\"wp-block-stackable-column stk-block-column stk-column stk-block stk-b241728\" data-block-id=\"b241728\"><style>.stk-b241728 .stk-block-column__content{min-height:163px !important;padding-top:200px !important;padding-right:35px !important;padding-bottom:100px !important;padding-left:35px !important}<\/style><div class=\"stk-column-wrapper stk-block-column__content stk-container stk-b241728-container stk--no-background stk--no-padding\"><div class=\"has-text-align-center stk-block-content stk-inner-blocks\">\n<div class=\"wp-block-stackable-heading stk-block-heading stk-block stk-1ebba3f\" id=\"span-style-color-var-palette-color-8-ffffff-class-stk-highlight-project-span\" data-block-id=\"1ebba3f\"><h1 class=\"stk-block-heading__text\"><span style=\"color: var(--paletteColor8, #ffffff);\" class=\"stk-highlight\">Project<\/span><\/h1><\/div>\n<\/div><\/div><\/div>\n<\/div><\/div>\n\n\n\n<div class=\"wp-block-stackable-columns stk-block-columns stk-block stk-ab6663d\" data-block-id=\"ab6663d\"><div class=\"stk-row stk-inner-blocks stk-block-content stk-content-align stk-ab6663d-column\">\n<div class=\"wp-block-stackable-column stk-block-column stk-column stk-block stk-50ed4ea\" data-block-id=\"50ed4ea\"><div class=\"stk-column-wrapper stk-block-column__content stk-container stk-50ed4ea-container stk--no-background stk--no-padding\"><div class=\"stk-block-content stk-inner-blocks\">\n<div class=\"wp-block-stackable-columns stk-block-columns stk-block stk-b15de51\" data-block-id=\"b15de51\"><div class=\"stk-row stk-inner-blocks stk-block-content stk-content-align stk-b15de51-column\">\n<div class=\"wp-block-stackable-column stk-block-column stk-column stk-block stk-ebc4f30\" data-block-id=\"ebc4f30\"><style>@media screen and (min-width:768px){.stk-ebc4f30{flex:1 1 calc(25% - var(--stk-column-gap,0px) * 1 \/ 2 ) !important}}<\/style><div class=\"stk-column-wrapper stk-block-column__content stk-container stk-ebc4f30-container stk--no-background stk--no-padding\"><div class=\"stk-block-content stk-inner-blocks\">\n<div class=\"wp-block-stackable-heading stk-block-heading stk-block stk-e5b5795\" id=\"overview\" data-block-id=\"e5b5795\"><h2 class=\"stk-block-heading__text\">Overview<\/h2><\/div>\n<\/div><\/div><\/div>\n\n\n\n<div class=\"wp-block-stackable-column stk-block-column stk-column stk-block stk-002da68\" data-block-id=\"002da68\"><style>@media screen and (min-width:768px){.stk-002da68{flex:1 1 calc(75% - var(--stk-column-gap,0px) * 1 \/ 2 ) !important}}<\/style><div class=\"stk-column-wrapper stk-block-column__content stk-container stk-002da68-container stk--no-background stk--no-padding\"><div class=\"stk-block-content stk-inner-blocks\">\n<p>The concept of ecosystem services is derived from economic sciences and is related to the concept of natural capital. Ecosystem services (ES) are understood as benefits obtained by humans from the environment, There are 3 main groups of ES: supply services (food, energy), regulatory services (CO2 sequestration, soil protection against erosion, soil purification) and cultural services (tourism and recreation, education, aesthetic impressions). Monitoring of ecosystem services using terrestrial methods is very expensive or sometimes even impossible, especially if we want to cover entire regions or the world. Thanks to satellite data, we can provide new information about ecosystems in a continuous manner, both in space and time, determine the dynamics of changes taking place in ES delivery and create forecast models for the development of a given area. This is of particular importance in the sustainable management of resources.<\/p>\n<\/div><\/div><\/div>\n<\/div><\/div>\n<\/div><\/div><\/div>\n<\/div><\/div>\n\n\n\n<div class=\"wp-block-stackable-columns stk-block-columns stk-block stk-127e7d7\" data-block-id=\"127e7d7\"><div class=\"stk-row stk-inner-blocks stk-block-content stk-content-align stk-127e7d7-column\">\n<div class=\"wp-block-stackable-column stk-block-column stk-column stk-block stk-e2c463a\" data-block-id=\"e2c463a\"><style>@media screen and (min-width:768px){.stk-e2c463a{flex:1 1 calc(25% - var(--stk-column-gap,0px) * 1 \/ 2 ) !important}}<\/style><div class=\"stk-column-wrapper stk-block-column__content stk-container stk-e2c463a-container stk--no-background stk--no-padding\"><div class=\"stk-block-content stk-inner-blocks\">\n<div class=\"wp-block-stackable-heading stk-block-heading stk-block stk-d065de1\" id=\"motivations\" data-block-id=\"d065de1\"><h2 class=\"stk-block-heading__text\">Motivations<\/h2><\/div>\n<\/div><\/div><\/div>\n\n\n\n<div class=\"wp-block-stackable-column stk-block-column stk-column stk-block stk-b2ccfce\" data-block-id=\"b2ccfce\"><style>@media screen and (min-width:768px){.stk-b2ccfce{flex:1 1 calc(75% - var(--stk-column-gap,0px) * 1 \/ 2 ) !important}}<\/style><div class=\"stk-column-wrapper stk-block-column__content stk-container stk-b2ccfce-container stk--no-background stk--no-padding\"><div class=\"stk-block-content stk-inner-blocks\">\n<p>The consortium synthesized EOTiST to satisfy development needs of the EU research human resources to a higher global competitive level through:<\/p>\n\n\n\n<ul><li>its contribution to the Polish Research &amp; Development activity as a Member State &#8211; Country related Twinning motivation.<\/li><li>the improvement of the scientific excellence and Science &amp; Technology (S&amp;T) capacity of the coordinating organization &#8211; Space Research Centre of the Polish Academy of Sciences motivation<\/li><li>the promotion of a cost-effective alternative for ecosystem services assessment in large areas by exploiting the potential of freely available EO data and services (e.g. Copernicus) and advanced remote sensing and ICT technologies &#8211; Domain specific motivation.<\/li><li>knowledge transfer, technology exchange, cooperation bonds\u2019 establishment, brainstorming about common contemporary scientific and societal challenges, and the development of new approaches &#8211; Partners\u2019 Twinning motivation.<\/li><li>helping to achieve Sustainable Development Goals (SDG), tackling climate change, boosting the Union&#8217;s competitiveness and growth \u2013 Society related Twinning motivation.<\/li><\/ul>\n<\/div><\/div><\/div>\n<\/div><\/div>\n\n\n\n<div class=\"wp-block-stackable-columns stk-block-columns stk-block stk-6425e0d\" data-block-id=\"6425e0d\"><div class=\"stk-row stk-inner-blocks stk-block-content stk-content-align stk-6425e0d-column\">\n<div class=\"wp-block-stackable-column stk-block-column stk-column stk-block stk-d95cae8\" data-block-id=\"d95cae8\"><style>@media screen and (min-width:768px){.stk-d95cae8{flex:1 1 calc(25% - var(--stk-column-gap,0px) * 1 \/ 2 ) !important}}<\/style><div class=\"stk-column-wrapper stk-block-column__content stk-container stk-d95cae8-container stk--no-background stk--no-padding\"><div class=\"stk-block-content stk-inner-blocks\">\n<div class=\"wp-block-stackable-heading stk-block-heading stk-block stk-9cc7a0b\" id=\"objectives\" data-block-id=\"9cc7a0b\"><h2 class=\"stk-block-heading__text\">Objectives<\/h2><\/div>\n<\/div><\/div><\/div>\n\n\n\n<div class=\"wp-block-stackable-column stk-block-column stk-column stk-block stk-60963c5\" data-block-id=\"60963c5\"><style>@media screen and (min-width:768px){.stk-60963c5{flex:1 1 calc(75% - var(--stk-column-gap,0px) * 1 \/ 2 ) !important}}<\/style><div class=\"stk-column-wrapper stk-block-column__content stk-container stk-60963c5-container stk--no-background stk--no-padding\"><div class=\"stk-block-content stk-inner-blocks\">\n<p>SWOT analysis allowed defining specific objectives to be reached:<br><strong>O1.<\/strong>&nbsp;Enhance S&amp;T capacity of the coordinating institution;<br><strong>O2.<\/strong>&nbsp;Upgrade research profile of the coordinating institution and the profile of its staff by training and mobilizing of personnel;<br><strong>O3.<\/strong>&nbsp;Increase research excellence and stimulate innovation of the coordinating institution;<br><strong>O4.<\/strong>&nbsp;Achieve sustainable progress and future development for the today\u2019s seed group in CBK PAN;<br><strong>O5.<\/strong>&nbsp;Promote the involvement of early stage researchers in the CBK PAN;<br><strong>O6.<\/strong>&nbsp;Develop joint research initiatives and projects;<br><strong>O7.<\/strong>&nbsp;Improve proposal preparation and management\/administration skills in the CBK PAN.<\/p>\n<\/div><\/div><\/div>\n<\/div><\/div>\n\n\n\n<div class=\"wp-block-stackable-columns stk-block-columns stk-block stk-6a87306\" data-block-id=\"6a87306\"><div class=\"stk-row stk-inner-blocks stk-block-content stk-content-align stk-6a87306-column\">\n<div class=\"wp-block-stackable-column stk-block-column stk-column stk-block stk-f70ece0\" data-block-id=\"f70ece0\"><style>@media screen and (min-width:768px){.stk-f70ece0{flex:1 1 calc(25% - var(--stk-column-gap,0px) * 1 \/ 2 ) !important}}<\/style><div class=\"stk-column-wrapper stk-block-column__content stk-container stk-f70ece0-container stk--no-background stk--no-padding\"><div class=\"stk-block-content stk-inner-blocks\">\n<div class=\"wp-block-stackable-heading stk-block-heading stk-block stk-21dac05\" id=\"methodology\" data-block-id=\"21dac05\"><h2 class=\"stk-block-heading__text\">Methodology<\/h2><\/div>\n<\/div><\/div><\/div>\n\n\n\n<div class=\"wp-block-stackable-column stk-block-column stk-column stk-block stk-e5e6717\" data-block-id=\"e5e6717\"><style>@media screen and (min-width:768px){.stk-e5e6717{flex:1 1 calc(75% - var(--stk-column-gap,0px) * 1 \/ 2 ) !important}}<\/style><div class=\"stk-column-wrapper stk-block-column__content stk-container stk-e5e6717-container stk--no-background stk--no-padding\"><div class=\"stk-block-content stk-inner-blocks\">\n<p>EOTiST\u2019s activities are deployed around a Capacity Building, Dissemination and Exploitation interweaved scheme, to formulate a self-sustainable development environment, kind of public-to-private and research-to-industry ranging community of practice, for CBK PAN\u2019s research and services for the society. Activities are mainly directed inland; however, these are driven by recent and on-going international developments striving towards satisfying global standards of competition. Hence, remaining extraverted, while raising inland capacity.&nbsp;<strong>Development of human resources competency in the research fields<\/strong>&nbsp;of EOTiST by exploiting existing potential and training activities will be performed through the following activities:<\/p>\n<\/div><\/div><\/div>\n<\/div><\/div>\n\n\n\n<div class=\"wp-block-stackable-columns stk-block-columns stk-block stk-6d63887\" data-block-id=\"6d63887\"><div class=\"stk-row stk-inner-blocks stk-block-content stk-content-align stk-6d63887-column\">\n<div class=\"wp-block-stackable-column stk-block-column stk-column stk-block stk-a473d1d\" data-block-id=\"a473d1d\"><style>@media screen and (min-width:768px){.stk-a473d1d{flex:1 1 calc(25% - var(--stk-column-gap,0px) * 1 \/ 2 ) !important}}<\/style><div class=\"stk-column-wrapper stk-block-column__content stk-container stk-a473d1d-container stk--no-background stk--no-padding\"><div class=\"stk-block-content stk-inner-blocks\">\n<div class=\"wp-block-stackable-heading stk-block-heading stk-block stk-a501ad4\" id=\"impact\" data-block-id=\"a501ad4\"><h2 class=\"stk-block-heading__text\">Impact<\/h2><\/div>\n<\/div><\/div><\/div>\n\n\n\n<div class=\"wp-block-stackable-column stk-block-column stk-column stk-block stk-44eef91\" data-block-id=\"44eef91\"><style>@media screen and (min-width:768px){.stk-44eef91{flex:1 1 calc(75% - var(--stk-column-gap,0px) * 1 \/ 2 ) !important}}<\/style><div class=\"stk-column-wrapper stk-block-column__content stk-container stk-44eef91-container stk--no-background stk--no-padding\"><div class=\"stk-block-content stk-inner-blocks\">\n<p>Main impact of EOTiST is the improved S&amp;T capacity of the coupled institutions and especially that of CBK PAN in the EO sector and its application in ecosystem monitoring. Following to this, many other impacts of the project, both short- and long-term are expected to be achieved, including:<\/p>\n\n\n\n<ul><li>for consortium partners:<ul><li>increased research excellence of the coordinating institution in the particular field of research as a result of the twinning exercise.<\/li><\/ul><\/li><li>enhancing the reputation, attractiveness and networking channels of the coordinating institution.<ul><li>improved capability to compete successfully for national, EU and internationally competitive research funding. <\/li><\/ul><\/li><li>for environment: Increased awareness on ecosystem services in the society<\/li><li>for society: increased well-being of society<\/li><\/ul>\n<\/div><\/div><\/div>\n<\/div><\/div>\n\n\n\n<div class=\"wp-block-stackable-spacer stk-block-spacer stk--no-padding stk-block stk-143bdce\" data-block-id=\"143bdce\"><\/div>\n","protected":false},"excerpt":{"rendered":"<p>Project Overview The concept of ecosystem services is derived from economic sciences and is related to the concept of natural capital. Ecosystem services (ES) are understood as benefits obtained by humans from the environment, There are 3 main groups of ES: supply services (food, energy), regulatory services (CO2 sequestration, soil protection against erosion, soil purification) [&hellip;]<\/p>\n","protected":false},"author":1,"featured_media":0,"parent":0,"menu_order":0,"comment_status":"closed","ping_status":"closed","template":"","meta":{"_editorskit_title_hidden":false,"_editorskit_reading_time":0,"_editorskit_is_block_options_detached":false,"_editorskit_block_options_position":"{}","_monsterinsights_skip_tracking":false,"_monsterinsights_sitenote_active":false,"_monsterinsights_sitenote_note":"","_monsterinsights_sitenote_category":0,"footnotes":""},"blocksy_meta":{"styles_descriptor":{"styles":{"desktop":"","tablet":"","mobile":""},"google_fonts":[],"version":5},"page_title_panel":"","has_hero_section":"disabled","5b81a95577b69ded02cbeeb3e7202624":"","hero_section":"type-1","hero_elements":[{"id":"custom_title","enabled":true,"heading_tag":"h1","title":"Strona g\u0142\u00f3wna"},{"id":"custom_description","enabled":true,"description_visibility":{"desktop":true,"tablet":true,"mobile":false}},{"id":"custom_meta","enabled":false,"meta_elements":[{"id":"author","enabled":true,"label":"Przez","has_author_avatar":"yes","avatar_size":25},{"id":"post_date","enabled":true,"label":"W\u0142\u0105cz","date_format_source":"default","date_format":"M j, Y"},{"id":"updated_date","enabled":false,"label":"W\u0142\u0105cz","date_format_source":"default","date_format":"M j, Y"},{"id":"categories","enabled":false,"label":"W","style":"simple"},{"id":"comments","enabled":true}],"page_meta_elements":{"joined":true,"articles_count":true,"comments":true}},{"id":"breadcrumbs","enabled":false}],"f1bac7a2670fed1705808b84d693da20":"","hero_alignment1":"CT_CSS_SKIP_RULE","hero_margin":40,"hero_alignment2":"center","hero_vertical_alignment":"center","965931193a3442dbe8ff2e221c5dc093":"","hero_structure":"narrow","0721e582ca0b447be4bf7d40a30cf621":"","page_title_bg_type":"featured_image","custom_hero_background":{"attachment_id":null},"page_title_image_size":"full","parallax":{"desktop":false,"tablet":false,"mobile":false},"e7e2bd12c22fe34023a184879164d6f7":"","hero_height":"250px","pageTitleFont":{"family":"Default","variation":"Default","size":"30px","line-height":"CT_CSS_SKIP_RULE","letter-spacing":"CT_CSS_SKIP_RULE","text-transform":"CT_CSS_SKIP_RULE","text-decoration":"CT_CSS_SKIP_RULE"},"pageTitleFontColor":{"default":{"color":"CT_CSS_SKIP_RULEDEFAULT"}},"pageMetaFont":{"family":"Default","variation":"n6","size":"12px","line-height":"1.3","letter-spacing":"CT_CSS_SKIP_RULE","text-transform":"uppercase","text-decoration":"CT_CSS_SKIP_RULE"},"pageMetaFontColor":{"default":{"color":"CT_CSS_SKIP_RULEDEFAULT"},"hover":{"color":"CT_CSS_SKIP_RULEDEFAULT"}},"page_meta_button_type_font_colors":{"default":{"color":"CT_CSS_SKIP_RULEDEFAULT"},"hover":{"color":"CT_CSS_SKIP_RULEDEFAULT"}},"page_meta_button_type_background_colors":{"default":{"color":"CT_CSS_SKIP_RULEDEFAULT"},"hover":{"color":"CT_CSS_SKIP_RULEDEFAULT"}},"pageExcerptFont":{"family":"Default","variation":"Default","size":"CT_CSS_SKIP_RULE","line-height":"CT_CSS_SKIP_RULE","letter-spacing":"CT_CSS_SKIP_RULE","text-transform":"CT_CSS_SKIP_RULE","text-decoration":"CT_CSS_SKIP_RULE"},"pageExcerptColor":{"default":{"color":"CT_CSS_SKIP_RULEDEFAULT"}},"breadcrumbsFont":{"family":"Default","variation":"Default","size":"CT_CSS_SKIP_RULE","line-height":"CT_CSS_SKIP_RULE","letter-spacing":"CT_CSS_SKIP_RULE","text-transform":"CT_CSS_SKIP_RULE","text-decoration":"CT_CSS_SKIP_RULE"},"breadcrumbsFontColor":{"default":{"color":"CT_CSS_SKIP_RULEDEFAULT"},"initial":{"color":"CT_CSS_SKIP_RULEDEFAULT"},"hover":{"color":"CT_CSS_SKIP_RULEDEFAULT"}},"pageTitleOverlay":{"background_type":"color","background_pattern":"type-1","background_image":{"attachment_id":null,"x":0,"y":0},"gradient":"linear-gradient(135deg,rgba(6,147,227,1) 0%,rgb(155,81,224) 100%)","background_repeat":"repeat","background_size":"auto","background_attachment":"scroll","patternColor":{"default":{"color":"#e5e7ea"}},"overlayColor":{"default":{"color":"CT_CSS_SKIP_RULE"}},"backgroundColor":{"default":{"color":"CT_CSS_SKIP_RULE"}}},"pageTitleBackground":{"background_type":"color","background_pattern":"type-1","background_image":{"attachment_id":null,"x":0,"y":0},"gradient":"linear-gradient(135deg,rgba(6,147,227,1) 0%,rgb(155,81,224) 100%)","background_repeat":"repeat","background_size":"auto","background_attachment":"scroll","patternColor":{"default":{"color":"#e5e7ea"}},"overlayColor":{"default":{"color":"CT_CSS_SKIP_RULE"}},"backgroundColor":{"default":{"color":"var(--paletteColor6)"}}},"pageTitlePadding":{"top":"50px","bottom":"50px","left":"auto","right":"auto","linked":true},"40edf802d472a8f694ff5a2203b26dd1":"","page_structure_type":"default","4ef747a2ede639c72382fb00f2cff630":"","content_style_source":"inherit","content_style":"wide","vertical_spacing_source":"custom","content_area_spacing":"none","background":{"background_type":"color","background_pattern":"type-1","background_image":{"attachment_id":null,"x":0,"y":0},"gradient":"linear-gradient(135deg,rgba(6,147,227,1) 0%,rgb(155,81,224) 100%)","background_repeat":"repeat","background_size":"auto","background_attachment":"scroll","patternColor":{"default":{"color":"#e5e7ea"}},"overlayColor":{"default":{"color":"CT_CSS_SKIP_RULE"}},"backgroundColor":{"default":{"color":"CT_CSS_SKIP_RULE"}}},"content_background":{"background_type":"color","background_pattern":"type-1","background_image":{"attachment_id":null,"x":0,"y":0},"gradient":"linear-gradient(135deg,rgba(6,147,227,1) 0%,rgb(155,81,224) 100%)","background_repeat":"repeat","background_size":"auto","background_attachment":"scroll","patternColor":{"default":{"color":"#e5e7ea"}},"overlayColor":{"default":{"color":"CT_CSS_SKIP_RULE"}},"backgroundColor":{"default":{"color":"var(--paletteColor8)"}}},"content_boxed_shadow":{"inherit":false,"blur":18,"spread":-6,"v_offset":12,"h_offset":0,"inset":false,"enable":true,"color":{"color":"rgba(34, 56, 101, 0.04)"}},"content_boxed_border":{"width":1,"style":"none","color":{"color":"rgba(44,62,80,0.2)"}},"content_boxed_radius":{"top":"3px","bottom":"3px","left":"3px","right":"3px","linked":true},"boxed_content_spacing":{"desktop":{"top":"40px","bottom":"40px","left":"40px","right":"40px","linked":true},"tablet":{"top":"35px","bottom":"35px","left":"35px","right":"35px","linked":true},"mobile":{"top":"20px","bottom":"20px","left":"20px","right":"20px","linked":true}},"7b2db64f0447e811b01984c79fe958b9":"","disable_featured_image":"no","disable_share_box":"no","disable_header":"no","disable_footer":"no","87b207295d47cc43122da2bd1438dafc":"","10ddae31719114bb3cc0c3425e9c25bc":"","e85c3985e4c0e1cc2e40183996de6cd3":"","ed7c843a4c1a0aba03bfb4be3fe825a3":"","d977450391b5b1aaf4afcdce2b45288f":"","84e3e8f701bb91b83e7b8f291f5aff6a":"","c55ad06692507e9044dfa9d0fc3c58b4":"","c2e9119b68aab315126269c583ed2ee5":""},"featured_image_urls":{"full":"","thumbnail":"","medium":"","medium_large":"","large":"","1536x1536":"","2048x2048":""},"post_excerpt_stackable":"<p>Project Overview The concept of ecosystem services is derived from economic sciences and is related to the concept of natural capital. Ecosystem services (ES) are understood as benefits obtained by humans from the environment, There are 3 main groups of ES: supply services (food, energy), regulatory services (CO2 sequestration, soil protection against erosion, soil purification) and cultural services (tourism and recreation, education, aesthetic impressions). Monitoring of ecosystem services using terrestrial methods is very expensive or sometimes even impossible, especially if we want to cover entire regions or the world. Thanks to satellite data, we can provide new information about ecosystems&hellip;<\/p>\n","category_list":"","author_info":{"name":"admin","url":"https:\/\/eotist.cbk.waw.pl\/?author=1"},"comments_num":"0 comments","_links":{"self":[{"href":"https:\/\/eotist.cbk.waw.pl\/index.php?rest_route=\/wp\/v2\/pages\/14"}],"collection":[{"href":"https:\/\/eotist.cbk.waw.pl\/index.php?rest_route=\/wp\/v2\/pages"}],"about":[{"href":"https:\/\/eotist.cbk.waw.pl\/index.php?rest_route=\/wp\/v2\/types\/page"}],"author":[{"embeddable":true,"href":"https:\/\/eotist.cbk.waw.pl\/index.php?rest_route=\/wp\/v2\/users\/1"}],"replies":[{"embeddable":true,"href":"https:\/\/eotist.cbk.waw.pl\/index.php?rest_route=%2Fwp%2Fv2%2Fcomments&post=14"}],"version-history":[{"count":19,"href":"https:\/\/eotist.cbk.waw.pl\/index.php?rest_route=\/wp\/v2\/pages\/14\/revisions"}],"predecessor-version":[{"id":1512,"href":"https:\/\/eotist.cbk.waw.pl\/index.php?rest_route=\/wp\/v2\/pages\/14\/revisions\/1512"}],"wp:attachment":[{"href":"https:\/\/eotist.cbk.waw.pl\/index.php?rest_route=%2Fwp%2Fv2%2Fmedia&parent=14"}],"curies":[{"name":"wp","href":"https:\/\/api.w.org\/{rel}","templated":true}]}}