{"id":1341,"date":"2022-09-06T13:01:24","date_gmt":"2022-09-06T11:01:24","guid":{"rendered":"http:\/\/eotist-wp.cbk.waw.pl\/?page_id=1341"},"modified":"2022-09-09T11:33:11","modified_gmt":"2022-09-09T09:33:11","slug":"consortium-new","status":"publish","type":"page","link":"https:\/\/eotist.cbk.waw.pl\/?page_id=1341","title":{"rendered":"Consortium"},"content":{"rendered":"\n<div class=\"wp-block-stackable-columns alignfull stk-block-columns stk-block stk-fa7f46f stk-block-background stk--has-background-overlay\" data-block-id=\"fa7f46f\"><style>.stk-fa7f46f{background-color:var(--paletteColor2,#25ad99) !important;background-image:url(https:\/\/eotist.cbk.waw.pl\/wp-content\/uploads\/2022\/07\/eotist_top1.jpg) !important}.stk-fa7f46f:before{background-color:var(--paletteColor2,#25ad99) !important;opacity:0 !important}.stk-fa7f46f{min-height:163px !important;padding-top:0px !important;padding-right:0px !important;padding-bottom:0px !important;padding-left:0px !important;display:flex !important}.stk-fa7f46f{align-items:center !important}<\/style><div class=\"stk-row stk-inner-blocks has-text-align-center stk-block-content stk-content-align stk-fa7f46f-column alignfull\">\n<div class=\"wp-block-stackable-column stk-block-column stk-column stk-block stk-4960027\" data-block-id=\"4960027\"><style>.stk-4960027 .stk-block-column__content{max-width:1048px !important;min-width:auto !important;padding-top:200px !important;padding-right:35px !important;padding-bottom:100px !important;padding-left:35px !important}<\/style><div class=\"stk-column-wrapper stk-block-column__content stk-container stk-4960027-container stk--no-background stk--no-padding\"><div class=\"stk-block-content stk-inner-blocks\">\n<div class=\"wp-block-stackable-heading stk-block-heading stk-block stk-a363fae\" id=\"span-style-color-var-palette-color-7-ffffff-class-stk-highlight-cons-span-span-style-color-var-palette-color-8-ffffff-class-stk-highlight-ortium-span\" data-block-id=\"a363fae\"><style>@media screen and (max-width:767px){.stk-a363fae .stk-block-heading__text{font-size:45px !important}}.stk-a363fae .stk-block-heading__top-line{background-color:var(--paletteColor8,#ffffff) !important}<\/style><h1 class=\"stk-block-heading__text has-text-align-center\"><span style=\"color: var(--paletteColor7, #ffffff);\" class=\"stk-highlight\">Cons<\/span><span style=\"color: var(--paletteColor8, #ffffff);\" class=\"stk-highlight\">ortium<\/span><\/h1><\/div>\n<\/div><\/div><\/div>\n<\/div><\/div>\n\n\n\n<p>EOTiST partners have been carefully selected in order to address the project objectives. The EOTiST consortium consists of three high-competent research centres and one promising research institution from the Widening country (Poland). The complementary expertise and competences of consortium partners cover remote sensing, GIS, geospatial data analysis, image analysis, environmental science, climate and physical modelling, programming and international networking.<\/p>\n\n\n\n<div class=\"wp-block-stackable-spacer stk-block-spacer stk--no-padding stk-block stk-3da896c\" data-block-id=\"3da896c\"><\/div>\n\n\n\n<div class=\"wp-block-stackable-posts is-style-default stk-block-posts stk-block stk-33f074e\" data-block-id=\"33f074e\"><style>.stk-33f074e-container .stk-img-wrapper:hover img{transform:scale(0.64) !important}.stk-33f074e-container .stk-img-wrapper{width:100% !important}.stk-33f074e-column{--stk-column-gap:0px !important}.stk-33f074e{--stk-columns:4 !important;--stk-column-gap:0px !important}@media screen and (max-width:767px){.stk-33f074e{--stk-columns:1 !important}}<\/style><div class=\"stk-inner-blocks stk-content-align stk-33f074e-column\"><div class=\"stk-block-posts__items\"><div class=\"stk-block-posts__item\"><div class=\"stk-container stk-33f074e-container stk--no-background stk--no-padding\"><article><a href=\"https:\/\/eotist.cbk.waw.pl\/?p=1306\" class=\"stk-block-posts__image-link\"><figure class=\"stk-img-wrapper\"><img loading=\"lazy\" decoding=\"async\" width=\"300\" height=\"225\" src=\"https:\/\/eotist.cbk.waw.pl\/wp-content\/uploads\/2022\/07\/logo_cbk_300x225.png\" class=\"attachment-full size-full wp-post-image\" alt=\"\" width=\"300\" height=\"225\" \/><\/figure><\/a><div class=\"stk-block-posts__excerpt\"><p>The Space Research Centre of the Polish Academy of Sciences (CBK PAN) was established in 1977 as a research institute focused on terrestrial space, the Solar System and the Earth using space technology and satellite techniques. CBK PAN has participated in numerous space science missions in collaboration with: Roscosmos \u2013 KORONAS-F, Phobos-Grunt; NASA \u2013 IBEX, Chandrayaan; ESA \u2013 CASSINI, MARS EXPRESS, ROSETTA; CERN -DEMETER and TARANIS; as well as&#8230;<\/div><a class=\"stk-block-posts__readmore\" href=\"https:\/\/eotist.cbk.waw.pl\/?p=1306\">Continue Reading<\/a><\/article><\/div><\/div><div class=\"stk-block-posts__item\"><div class=\"stk-container stk-33f074e-container stk--no-background stk--no-padding\"><article><a href=\"https:\/\/eotist.cbk.waw.pl\/?p=1303\" class=\"stk-block-posts__image-link\"><figure class=\"stk-img-wrapper\"><img loading=\"lazy\" decoding=\"async\" width=\"300\" height=\"225\" src=\"https:\/\/eotist.cbk.waw.pl\/wp-content\/uploads\/2022\/07\/logo_certh_300x225.png\" class=\"attachment-full size-full wp-post-image\" alt=\"\" width=\"300\" height=\"225\" \/><\/figure><\/a><div class=\"stk-block-posts__excerpt\"><p>CERTH\u00a0is one of the largest research centers in Greece. It was founded in 2000 and is located in Thessaloniki. CERTH participates in this twinning project through the\u00a0Information Technologies Institute\u00a0(ITI). CERTH\/ITI is one of the leading Greek institutions in the field of Information and Communications Technology (ICT) with long experience in numerous European and national R&amp;D projects. Additionally, CERTH\/ITI has a proven experience related to the utilization of EO data\/products&#8230;<\/div><a class=\"stk-block-posts__readmore\" href=\"https:\/\/eotist.cbk.waw.pl\/?p=1303\">Continue Reading<\/a><\/article><\/div><\/div><div class=\"stk-block-posts__item\"><div class=\"stk-container stk-33f074e-container stk--no-background stk--no-padding\"><article><a href=\"https:\/\/eotist.cbk.waw.pl\/?p=1300\" class=\"stk-block-posts__image-link\"><figure class=\"stk-img-wrapper\"><img loading=\"lazy\" decoding=\"async\" width=\"300\" height=\"225\" src=\"https:\/\/eotist.cbk.waw.pl\/wp-content\/uploads\/2022\/07\/logo_creaf_300x225.png\" class=\"attachment-full size-full wp-post-image\" alt=\"\" width=\"300\" height=\"225\" \/><\/figure><\/a><div class=\"stk-block-posts__excerpt\"><p>CREAF\u00a0is a public research centre dedicated to terrestrial ecology, territorial analysis and global change, pursuing excellence in the production and dissemination of knowledge, in addition to the innovation, development, and transfer of methodologies. The centre aims to contribute to improving the conservation and management of our natural environment by acting as a bridge between academia, public administrations and society and within its spheres of action. Priority research lines of&#8230;<\/div><a class=\"stk-block-posts__readmore\" href=\"https:\/\/eotist.cbk.waw.pl\/?p=1300\">Continue Reading<\/a><\/article><\/div><\/div><div class=\"stk-block-posts__item\"><div class=\"stk-container stk-33f074e-container stk--no-background stk--no-padding\"><article><a href=\"https:\/\/eotist.cbk.waw.pl\/?p=1295\" class=\"stk-block-posts__image-link\"><figure class=\"stk-img-wrapper\"><img loading=\"lazy\" decoding=\"async\" width=\"300\" height=\"225\" src=\"https:\/\/eotist.cbk.waw.pl\/wp-content\/uploads\/2022\/07\/logo_cnr_300x225.png\" class=\"attachment-full size-full wp-post-image\" alt=\"\" width=\"300\" height=\"225\" \/><\/figure><\/a><div class=\"stk-block-posts__excerpt\"><p>CNR\u00a0is a public organization and it is the first Italian research institution for number of researchers, with a leading position in terms of spin-off and multidisciplinary research; its duty is to carry out, promote, spread, transfer and improve research activities in the main sectors of knowledge growth and of its applications for the scientific, technological, economic and social development of Italy. CNR is distributed all over Italy through a&#8230;<\/div><a class=\"stk-block-posts__readmore\" href=\"https:\/\/eotist.cbk.waw.pl\/?p=1295\">Continue Reading<\/a><\/article><\/div><\/div><\/div><div class=\"stk-inner-blocks\"><\/div><\/div><\/div>\n","protected":false},"excerpt":{"rendered":"<p>Consortium EOTiST partners have been carefully selected in order to address the project objectives. The EOTiST consortium consists of three high-competent research centres and one promising research institution from the Widening country (Poland). The complementary expertise and competences of consortium partners cover remote sensing, GIS, geospatial data analysis, image analysis, environmental science, climate and physical [&hellip;]<\/p>\n","protected":false},"author":1,"featured_media":0,"parent":0,"menu_order":0,"comment_status":"closed","ping_status":"closed","template":"","meta":{"_editorskit_title_hidden":false,"_editorskit_reading_time":0,"_editorskit_is_block_options_detached":false,"_editorskit_block_options_position":"{}","_monsterinsights_skip_tracking":false,"_monsterinsights_sitenote_active":false,"_monsterinsights_sitenote_note":"","_monsterinsights_sitenote_category":0,"footnotes":""},"blocksy_meta":{"page_title_panel":"","has_hero_section":"disabled","740b4c7b4f8624fa3eeee3394e14f1e9":"","hero_section":"type-1","hero_elements":[{"id":"custom_title","enabled":true,"heading_tag":"h1","title":"Strona g\u0142\u00f3wna"},{"id":"custom_description","enabled":true,"description_visibility":{"desktop":true,"tablet":true,"mobile":false}},{"id":"custom_meta","enabled":false,"meta_elements":[{"id":"author","enabled":true,"label":"Przez","has_author_avatar":"yes","avatar_size":25},{"id":"post_date","enabled":true,"label":"W\u0142\u0105cz","date_format_source":"default","date_format":"M j, Y"},{"id":"updated_date","enabled":false,"label":"W\u0142\u0105cz","date_format_source":"default","date_format":"M j, Y"},{"id":"categories","enabled":false,"label":"W","style":"simple"},{"id":"comments","enabled":true}],"page_meta_elements":{"joined":true,"articles_count":true,"comments":true}},{"id":"breadcrumbs","enabled":false}],"e7156d9ee14561320aa02f7c220ce909":"","hero_alignment1":"CT_CSS_SKIP_RULE","hero_margin":40,"hero_alignment2":"center","hero_vertical_alignment":"center","2921fae43ae121d6477cf2f396953529":"","hero_structure":"narrow","2b8cbaae9e47874b3b2c76933d7b5379":"","page_title_bg_type":"featured_image","custom_hero_background":{"attachment_id":null},"page_title_image_size":"full","parallax":{"desktop":false,"tablet":false,"mobile":false},"f072a38c4f248b3478cc9b579150bced":"","hero_height":"250px","pageTitleFont":{"family":"Default","variation":"Default","size":"30px","line-height":"CT_CSS_SKIP_RULE","letter-spacing":"CT_CSS_SKIP_RULE","text-transform":"CT_CSS_SKIP_RULE","text-decoration":"CT_CSS_SKIP_RULE"},"pageTitleFontColor":{"default":{"color":"CT_CSS_SKIP_RULEDEFAULT"}},"pageMetaFont":{"family":"Default","variation":"n6","size":"12px","line-height":"1.3","letter-spacing":"CT_CSS_SKIP_RULE","text-transform":"uppercase","text-decoration":"CT_CSS_SKIP_RULE"},"pageMetaFontColor":{"default":{"color":"CT_CSS_SKIP_RULEDEFAULT"},"hover":{"color":"CT_CSS_SKIP_RULEDEFAULT"}},"page_meta_button_type_font_colors":{"default":{"color":"CT_CSS_SKIP_RULEDEFAULT"},"hover":{"color":"CT_CSS_SKIP_RULEDEFAULT"}},"page_meta_button_type_background_colors":{"default":{"color":"CT_CSS_SKIP_RULEDEFAULT"},"hover":{"color":"CT_CSS_SKIP_RULEDEFAULT"}},"pageExcerptFont":{"family":"Default","variation":"Default","size":"CT_CSS_SKIP_RULE","line-height":"CT_CSS_SKIP_RULE","letter-spacing":"CT_CSS_SKIP_RULE","text-transform":"CT_CSS_SKIP_RULE","text-decoration":"CT_CSS_SKIP_RULE"},"pageExcerptColor":{"default":{"color":"CT_CSS_SKIP_RULEDEFAULT"}},"breadcrumbsFont":{"family":"Default","variation":"Default","size":"CT_CSS_SKIP_RULE","line-height":"CT_CSS_SKIP_RULE","letter-spacing":"CT_CSS_SKIP_RULE","text-transform":"CT_CSS_SKIP_RULE","text-decoration":"CT_CSS_SKIP_RULE"},"breadcrumbsFontColor":{"default":{"color":"CT_CSS_SKIP_RULEDEFAULT"},"initial":{"color":"CT_CSS_SKIP_RULEDEFAULT"},"hover":{"color":"CT_CSS_SKIP_RULEDEFAULT"}},"pageTitleOverlay":{"background_type":"color","background_pattern":"type-1","background_image":{"attachment_id":null,"x":0,"y":0},"gradient":"linear-gradient(135deg,rgba(6,147,227,1) 0%,rgb(155,81,224) 100%)","background_repeat":"repeat","background_size":"auto","background_attachment":"scroll","patternColor":{"default":{"color":"#e5e7ea"}},"overlayColor":{"default":{"color":"CT_CSS_SKIP_RULE"}},"backgroundColor":{"default":{"color":"CT_CSS_SKIP_RULE"}}},"pageTitleBackground":{"background_type":"color","background_pattern":"type-1","background_image":{"attachment_id":null,"x":0,"y":0},"gradient":"linear-gradient(135deg,rgba(6,147,227,1) 0%,rgb(155,81,224) 100%)","background_repeat":"repeat","background_size":"auto","background_attachment":"scroll","patternColor":{"default":{"color":"#e5e7ea"}},"overlayColor":{"default":{"color":"CT_CSS_SKIP_RULE"}},"backgroundColor":{"default":{"color":"var(--paletteColor6)"}}},"pageTitlePadding":{"top":"50px","bottom":"50px","left":"auto","right":"auto","linked":true},"4c95d5f4a92bbaf432233b3eb3da50b4":"","page_structure_type":"default","ababbc8467cf63e91f24f5beb6da806a":"","content_style_source":"inherit","content_style":"wide","vertical_spacing_source":"custom","content_area_spacing":"none","background":{"background_type":"color","background_pattern":"type-1","background_image":{"attachment_id":null,"x":0,"y":0},"gradient":"linear-gradient(135deg,rgba(6,147,227,1) 0%,rgb(155,81,224) 100%)","background_repeat":"repeat","background_size":"auto","background_attachment":"scroll","patternColor":{"default":{"color":"#e5e7ea"}},"overlayColor":{"default":{"color":"CT_CSS_SKIP_RULE"}},"backgroundColor":{"default":{"color":"CT_CSS_SKIP_RULE"}}},"content_background":{"background_type":"color","background_pattern":"type-1","background_image":{"attachment_id":null,"x":0,"y":0},"gradient":"linear-gradient(135deg,rgba(6,147,227,1) 0%,rgb(155,81,224) 100%)","background_repeat":"repeat","background_size":"auto","background_attachment":"scroll","patternColor":{"default":{"color":"#e5e7ea"}},"overlayColor":{"default":{"color":"CT_CSS_SKIP_RULE"}},"backgroundColor":{"default":{"color":"var(--paletteColor8)"}}},"content_boxed_shadow":{"inherit":false,"blur":18,"spread":-6,"v_offset":12,"h_offset":0,"inset":false,"enable":true,"color":{"color":"rgba(34, 56, 101, 0.04)"}},"content_boxed_border":{"width":1,"style":"none","color":{"color":"rgba(44,62,80,0.2)"}},"content_boxed_radius":{"top":"3px","bottom":"3px","left":"3px","right":"3px","linked":true},"boxed_content_spacing":{"desktop":{"top":"40px","bottom":"40px","left":"40px","right":"40px","linked":true},"tablet":{"top":"35px","bottom":"35px","left":"35px","right":"35px","linked":true},"mobile":{"top":"20px","bottom":"20px","left":"20px","right":"20px","linked":true}},"8f66ae6b64f58f0f7e610a76902dec3d":"","disable_featured_image":"no","disable_share_box":"no","disable_header":"no","disable_footer":"no","styles_descriptor":{"styles":{"desktop":"","tablet":"","mobile":""},"google_fonts":[],"version":5},"82a0984811dddee5338bcb0c18d7244b":"","1547bfea8ca914f031f731fdfad5dd37":"","fb1ca550d534108baa4014aa4423f894":"","8b568e0f8aa0ce4eb493c42afb31189f":"","696e30395ad1409c54c8db239e256ef6":"","42cf20455b5d48718bffbc32ca7a204f":"","edb523b5f0f8f8488a98dacbbf5efd70":"","a67a0cd53ed00c719558625673e3854f":""},"featured_image_urls":{"full":"","thumbnail":"","medium":"","medium_large":"","large":"","1536x1536":"","2048x2048":""},"post_excerpt_stackable":"<p>Consortium EOTiST partners have been carefully selected in order to address the project objectives. The EOTiST consortium consists of three high-competent research centres and one promising research institution from the Widening country (Poland). The complementary expertise and competences of consortium partners cover remote sensing, GIS, geospatial data analysis, image analysis, environmental science, climate and physical modelling, programming and international networking. The Space Research Centre of the Polish Academy of Sciences (CBK PAN) was established in 1977 as a research institute focused on terrestrial space, the Solar System and the Earth using space technology and satellite techniques. CBK PAN has participated&hellip;<\/p>\n","category_list":"","author_info":{"name":"admin","url":"https:\/\/eotist.cbk.waw.pl\/?author=1"},"comments_num":"0 comments","_links":{"self":[{"href":"https:\/\/eotist.cbk.waw.pl\/index.php?rest_route=\/wp\/v2\/pages\/1341"}],"collection":[{"href":"https:\/\/eotist.cbk.waw.pl\/index.php?rest_route=\/wp\/v2\/pages"}],"about":[{"href":"https:\/\/eotist.cbk.waw.pl\/index.php?rest_route=\/wp\/v2\/types\/page"}],"author":[{"embeddable":true,"href":"https:\/\/eotist.cbk.waw.pl\/index.php?rest_route=\/wp\/v2\/users\/1"}],"replies":[{"embeddable":true,"href":"https:\/\/eotist.cbk.waw.pl\/index.php?rest_route=%2Fwp%2Fv2%2Fcomments&post=1341"}],"version-history":[{"count":23,"href":"https:\/\/eotist.cbk.waw.pl\/index.php?rest_route=\/wp\/v2\/pages\/1341\/revisions"}],"predecessor-version":[{"id":1526,"href":"https:\/\/eotist.cbk.waw.pl\/index.php?rest_route=\/wp\/v2\/pages\/1341\/revisions\/1526"}],"wp:attachment":[{"href":"https:\/\/eotist.cbk.waw.pl\/index.php?rest_route=%2Fwp%2Fv2%2Fmedia&parent=1341"}],"curies":[{"name":"wp","href":"https:\/\/api.w.org\/{rel}","templated":true}]}}